{"id":27,"date":"2022-09-21T16:16:17","date_gmt":"2022-09-21T21:16:17","guid":{"rendered":"https:\/\/otorrinodent.com\/?page_id=27"},"modified":"2022-10-05T11:45:13","modified_gmt":"2022-10-05T16:45:13","slug":"nosotros","status":"publish","type":"page","link":"https:\/\/otorrinodent.com\/index.php\/nosotros\/","title":{"rendered":"Nosotros"},"content":{"rendered":"\n<div class=\"row\"  id=\"row-1203153888\">\n\n\n\t<div id=\"col-1782741103\" class=\"col medium-6 small-12 large-6\"  >\n\t\t<div class=\"col-inner\"  >\n\t\t\t\n\t\t\t\n\n\n  <div class=\"banner has-hover bg-fade-in\" id=\"banner-71963215\">\n          <div class=\"banner-inner fill\">\n        <div class=\"banner-bg fill\" >\n            <div class=\"bg fill bg-fill \"><\/div>\n                                    \n                    <\/div>\n        <div class=\"banner-layers container\">\n            <div class=\"fill banner-link\"><\/div>            \n\n   <div id=\"text-box-891395513\" class=\"text-box banner-layer x50 md-x50 lg-x50 y90 md-y90 lg-y90 res-text\">\n                                <div class=\"text-box-content text dark\">\n              \n              <div class=\"text-inner text-center\">\n                  \n\n<h4 class=\"uppercase\">PROFESIONAL<\/h4>\n<h2 class=\"uppercase\">Dra. Diana Baron Sanchez<\/h2>\n\n              <\/div>\n           <\/div>\n                            \n<style>\n#text-box-891395513 {\n  width: 80%;\n}\n#text-box-891395513 .text-box-content {\n  font-size: 100%;\n}\n<\/style>\n    <\/div>\n \n\n        <\/div>\n      <\/div>\n\n            \n<style>\n#banner-71963215 {\n  padding-top: 400px;\n  background-color: #8224e3;\n}\n#banner-71963215 .bg.bg-loaded {\n  background-image: url(https:\/\/otorrinodent.com\/wp-content\/uploads\/2022\/09\/b1-scaled.jpg);\n}\n<\/style>\n  <\/div>\n\n\n<div class=\"slider-wrapper relative\" id=\"slider-1655861782\" >\n    <div class=\"slider slider-nav-circle slider-nav-large slider-nav-light slider-style-normal\"\n        data-flickity-options='{\n            \"cellAlign\": \"center\",\n            \"imagesLoaded\": true,\n            \"lazyLoad\": 1,\n            \"freeScroll\": false,\n            \"wrapAround\": true,\n            \"autoPlay\": 6000,\n            \"pauseAutoPlayOnHover\" : true,\n            \"prevNextButtons\": true,\n            \"contain\" : true,\n            \"adaptiveHeight\" : true,\n            \"dragThreshold\" : 10,\n            \"percentPosition\": true,\n            \"pageDots\": true,\n            \"rightToLeft\": false,\n            \"draggable\": true,\n            \"selectedAttraction\": 0.1,\n            \"parallax\" : 0,\n            \"friction\": 0.6        }'\n        >\n        \n\n\n  <div class=\"banner has-hover\" id=\"banner-131038281\">\n          <div class=\"banner-inner fill\">\n        <div class=\"banner-bg fill\" >\n            <div class=\"bg fill bg-fill \"><\/div>\n                                    \n                    <\/div>\n        <div class=\"banner-layers container\">\n            <div class=\"fill banner-link\"><\/div>            \n\n   <div id=\"text-box-509438356\" class=\"text-box banner-layer x50 md-x50 lg-x50 y50 md-y50 lg-y50 res-text\">\n                                <div class=\"text-box-content text dark\">\n              \n              <div class=\"text-inner text-center\">\n                  \n\n<h2><strong>BIOGRAFIA<\/strong><\/h2>\n<h4>ODONT\u00d3LOGA ORTODONCISTA PONTIFICIA &#8211; Universidad Javeriana Bogot\u00e1<br \/>Miembro activo de la Sociedad Colombiana de Ortodoncia.<\/p>\n<\/h4>\n<p><!--more--><\/p>\n<h4>Se destaca por el compromiso y la responsabilidad con la que desarrolla cada actividad que realiza. Evidencia competencias para el emprendimiento, liderazgo, y trabajo en equipo. Es recursiva, escucha las ideas de los otros, se le facilita establecer buenas relaciones personales y sabe exponer las ideas propias.<\/h4>\n<p>Experiencia Acad\u00e9mica e Investigativa Participaci\u00f3n a trav\u00e9s del trabajo de grado de especialista en la elaboraci\u00f3n del art\u00edculo de investigaci\u00f3n: \u201cDISE\u00d1O DE UN APARATO INTRAORAL COMO ALTERNATIVA TERAP\u00c9UTICA INTEGRAL PARA EL S\u00cdNDROME DE APNEA OBSTRUCTIVA DEL SUE\u00d1O LEVE, MODERADA Y SEVERA EN POBLACI\u00d3N ADULTA\u201d. Junio 2014 Participaci\u00f3n en el programa de investigaci\u00f3n formativa de la Pontifica Universidad Javeriana a trav\u00e9s del proyecto de investigaci\u00f3n: \u201cDise\u00f1o y desarrollo de Consultorios M\u00f3viles Odontol\u00f3gicos\u201d, para las brigadas de salud que realiza la Universidad. Agosto 17 a Diciembre 3 de 2010. Participaci\u00f3n en brigadas de salud oral a nivel nacional con el Grupo de Voluntariado de la Facultad de Odontolog\u00eda: \u201cConstructores de Sonrisas\u201d, Pontificia Universidad Javeriana. Abril a Noviembre de 2010. Participaci\u00f3n a trav\u00e9s del trabajo de grado en la elaboraci\u00f3n del art\u00edculo de investigaci\u00f3n: \u201cConocimientos, actitudes y pr\u00e1cticas sobre el manejo de indicios de atenci\u00f3n insegura en los tratamientos realizados en el posgrado de ortodoncia de la Facultad de Odontolog\u00eda de la Pontificia Universidad Javeriana\u201d.<\/p>\n\n              <\/div>\n           <\/div>\n                            \n<style>\n#text-box-509438356 {\n  width: 79%;\n}\n#text-box-509438356 .text-box-content {\n  font-size: 100%;\n}\n<\/style>\n    <\/div>\n \n\n        <\/div>\n      <\/div>\n\n            \n<style>\n#banner-131038281 {\n  padding-top: 546px;\n}\n<\/style>\n  <\/div>\n\n\n\n     <\/div>\n\n     <div class=\"loading-spin dark large centered\"><\/div>\n\n     \t<\/div>\n\n\n\t<section class=\"section\" id=\"section_345130590\">\n\t\t<div class=\"bg section-bg fill bg-fill  bg-loaded\" >\n\n\t\t\t\n\t\t\t\n\t\t\t\n\t<div class=\"is-border\"\n\t\tstyle=\"border-color:rgb(235, 235, 235);border-width:1px 0px 0px 0px;\">\n\t<\/div>\n\n\t\t<\/div>\n\n\t\t<div class=\"section-content relative\">\n\t\t\t\n\n<div class=\"row\"  id=\"row-271498079\">\n\n\n\t<div id=\"col-1940488726\" class=\"col small-12 large-12\"  >\n\t\t<div class=\"col-inner\"  >\n\t\t\t\n\t\t\t\n\n<p>&nbsp;<\/p>\n<h2 class=\"uppercase\">EDUCACI\u00d3N<\/h2>\n<p><strong>2005 <\/strong>Bachiller Acad\u00e9mico Colegio del Rosario de Santo Domingo.<\/p>\n<p><strong>2011 <\/strong>Odont\u00f3loga Pontificia Universidad Javeriana.<\/p>\n<p><strong>2015 <\/strong>Ortodoncista Pontificia Universidad Javeriana.<\/p>\n\n\t\t<\/div>\n\t\t\t<\/div>\n\n\t\n\n<\/div>\n\n\t\t<\/div>\n\n\t\t\n<style>\n#section_345130590 {\n  padding-top: 60px;\n  padding-bottom: 60px;\n  min-height: 300px;\n  background-color: rgb(245, 245, 245);\n}\n<\/style>\n\t<\/section>\n\t\n\n\t\t<\/div>\n\t\t\t<\/div>\n\n\t\n\n\t<div id=\"col-40649381\" class=\"col medium-6 small-12 large-6\"  >\n\t\t<div class=\"col-inner\"  >\n\t\t\t\n\t\t\t\n\n\n  <div class=\"banner has-hover bg-fade-in\" id=\"banner-185230631\">\n          <div class=\"banner-inner fill\">\n        <div class=\"banner-bg fill\" >\n            <div class=\"bg fill bg-fill \"><\/div>\n                                    \n                    <\/div>\n        <div class=\"banner-layers container\">\n            <div class=\"fill banner-link\"><\/div>            \n\n   <div id=\"text-box-1989338137\" class=\"text-box banner-layer x50 md-x50 lg-x50 y90 md-y90 lg-y90 res-text\">\n                                <div class=\"text-box-content text dark\">\n              \n              <div class=\"text-inner text-center\">\n                  \n\n<h4 class=\"uppercase\">PROFESIONAL<\/h4>\n<h2 class=\"uppercase\">Dr. Johan Valderrama Henao<\/h2>\n\n              <\/div>\n           <\/div>\n                            \n<style>\n#text-box-1989338137 {\n  width: 80%;\n}\n#text-box-1989338137 .text-box-content {\n  font-size: 100%;\n}\n<\/style>\n    <\/div>\n \n\n        <\/div>\n      <\/div>\n\n            \n<style>\n#banner-185230631 {\n  padding-top: 400px;\n  background-color: #8224e3;\n}\n#banner-185230631 .bg.bg-loaded {\n  background-image: url(https:\/\/otorrinodent.com\/wp-content\/uploads\/2022\/09\/johan-consulta-1-scaled.jpg);\n}\n<\/style>\n  <\/div>\n\n\n\n  <div class=\"banner has-hover\" id=\"banner-463665209\">\n          <div class=\"banner-inner fill\">\n        <div class=\"banner-bg fill\" >\n            <div class=\"bg fill bg-fill \"><\/div>\n                                    \n                    <\/div>\n        <div class=\"banner-layers container\">\n            <div class=\"fill banner-link\"><\/div>            \n\n   <div id=\"text-box-1657621830\" class=\"text-box banner-layer x50 md-x50 lg-x50 y0 md-y0 lg-y0 res-text\">\n                                <div class=\"text-box-content text dark\">\n              \n              <div class=\"text-inner text-center\">\n                  \n\n<h2><strong>BIOGRAFIA<\/strong><\/h2>\n<h4>M\u00c9DICO Y CIRUJANO \u2013 Universidad del Valle<br \/>OTORRINOLARINGOLOG\u00cdA \u2013 Universidad Nacional de Colombia<\/h4>\n<h4>M.B.A Executive Master Business Administration \u2013 INALDE Business School<br \/>DIPLOMADO TRASTORNO RESPIRATORIOS DEL DORMIR Y RINOLOG\u00cdA APLICADA \u2013 UANL<\/h4>\n<p><!--more--><\/p>\n<p>M\u00e9dico y cirujano de la Universidad del Valle, especialista en Otorrinolaringolog\u00eda de la Universidad Nacional de Colombia, Observership Sleep Surgery Program Stanford University, Executive MBA INALDE Business School, Diplomado Rinolog\u00eda aplicada y trastornos respiratorios del dormir Universidad Aut\u00f3noma de Nuevo Le\u00f3n. Cuento con la formaci\u00f3n integral para liderar, crear y dirigir servicios de Otorrinolaringolog\u00eda como una unidad estrat\u00e9gica con la calidad como un innegociable permitiendo el desarrollo y creaci\u00f3n de valor de todos los actores involucrados en el proceso. Me especializo en el manejo de los trastornos respiratorios de sue\u00f1o dentro del abordaje multidisciplinario de las enfermedades del dormir, ofreciendo diagn\u00f3stico, tratamiento y seguimiento para las personas afectadas.<\/p>\n<p>Conferencista internacional en el area de sue\u00f1o en Venezuela, Mexico, Espa\u00f1a y USA.<\/p>\n\n              <\/div>\n           <\/div>\n                            \n<style>\n#text-box-1657621830 {\n  width: 79%;\n}\n#text-box-1657621830 .text-box-content {\n  font-size: 100%;\n}\n<\/style>\n    <\/div>\n \n\n        <\/div>\n      <\/div>\n\n            \n<style>\n#banner-463665209 {\n  padding-top: 479px;\n}\n<\/style>\n  <\/div>\n\n\n\t<section class=\"section\" id=\"section_461719397\">\n\t\t<div class=\"bg section-bg fill bg-fill  bg-loaded\" >\n\n\t\t\t\n\t\t\t\n\t\t\t\n\t<div class=\"is-border\"\n\t\tstyle=\"border-color:rgb(235, 235, 235);border-width:1px 0px 0px 0px;\">\n\t<\/div>\n\n\t\t<\/div>\n\n\t\t<div class=\"section-content relative\">\n\t\t\t\n\n<div class=\"row\"  id=\"row-632311717\">\n\n\n\t<div id=\"col-630240039\" class=\"col small-12 large-12\"  >\n\t\t<div class=\"col-inner\"  >\n\t\t\t\n\t\t\t\n\n<p>&nbsp;<\/p>\n<h2 class=\"uppercase\">EDUCACI\u00d3N<\/h2>\n<p><strong>2004<\/strong> M\u00e9dico y Cirujano\u2013Universidad del Valle.<\/p>\n<p><strong>2012<\/strong> Otorrinolaringolog\u00eda\u2013UNAL<\/p>\n<p><strong>2015<\/strong> M.B.A Executive Master Business Administration \u2013 INALDE Business School<\/p>\n\n\t\t<\/div>\n\t\t\t<\/div>\n\n\t\n\n<\/div>\n\n\t\t<\/div>\n\n\t\t\n<style>\n#section_461719397 {\n  padding-top: 60px;\n  padding-bottom: 60px;\n  min-height: 300px;\n  background-color: rgb(245, 245, 245);\n}\n<\/style>\n\t<\/section>\n\t\n\n\t\t<\/div>\n\t\t\t<\/div>\n\n\t\n\n<\/div>\n\n","protected":false},"excerpt":{"rendered":"","protected":false},"author":1,"featured_media":0,"parent":0,"menu_order":0,"comment_status":"closed","ping_status":"closed","template":"","meta":{"_joinchat":[],"footnotes":""},"class_list":["post-27","page","type-page","status-publish","hentry"],"_links":{"self":[{"href":"https:\/\/otorrinodent.com\/index.php\/wp-json\/wp\/v2\/pages\/27","targetHints":{"allow":["GET"]}}],"collection":[{"href":"https:\/\/otorrinodent.com\/index.php\/wp-json\/wp\/v2\/pages"}],"about":[{"href":"https:\/\/otorrinodent.com\/index.php\/wp-json\/wp\/v2\/types\/page"}],"author":[{"embeddable":true,"href":"https:\/\/otorrinodent.com\/index.php\/wp-json\/wp\/v2\/users\/1"}],"replies":[{"embeddable":true,"href":"https:\/\/otorrinodent.com\/index.php\/wp-json\/wp\/v2\/comments?post=27"}],"version-history":[{"count":27,"href":"https:\/\/otorrinodent.com\/index.php\/wp-json\/wp\/v2\/pages\/27\/revisions"}],"predecessor-version":[{"id":173,"href":"https:\/\/otorrinodent.com\/index.php\/wp-json\/wp\/v2\/pages\/27\/revisions\/173"}],"wp:attachment":[{"href":"https:\/\/otorrinodent.com\/index.php\/wp-json\/wp\/v2\/media?parent=27"}],"curies":[{"name":"wp","href":"https:\/\/api.w.org\/{rel}","templated":true}]}}