{"id":8,"date":"2022-09-16T00:13:38","date_gmt":"2022-09-16T05:13:38","guid":{"rendered":"https:\/\/otorrinodent.com\/?page_id=8"},"modified":"2022-09-27T15:53:31","modified_gmt":"2022-09-27T20:53:31","slug":"inicio","status":"publish","type":"page","link":"https:\/\/otorrinodent.com\/","title":{"rendered":"Inicio"},"content":{"rendered":"\n\n  <div class=\"banner has-hover is-full-height has-parallax\" id=\"banner-1646580198\">\n          <div class=\"banner-inner fill\">\n        <div class=\"banner-bg fill\" data-parallax=\"-1\" data-parallax-container=\".banner\" data-parallax-background>\n            <div class=\"bg fill bg-fill \"><\/div>\n                                    \n                    <\/div>\n        <div class=\"banner-layers container\">\n            <div class=\"fill banner-link\"><\/div>            \n\n   <div id=\"text-box-327524855\" class=\"text-box banner-layer x50 md-x50 lg-x50 y50 md-y50 lg-y50 res-text\">\n                                <div class=\"text-box-content text dark\">\n              \n              <div class=\"text-inner text-center\">\n                  \n\n\n              <\/div>\n           <\/div>\n                            \n<style>\n#text-box-327524855 {\n  width: 60%;\n}\n#text-box-327524855 .text-box-content {\n  font-size: 100%;\n}\n@media (min-width:550px) {\n  #text-box-327524855 {\n    width: 60%;\n  }\n}\n<\/style>\n    <\/div>\n \n\n        <\/div>\n      <\/div>\n\n            \n<style>\n#banner-1646580198 {\n  padding-top: 100%;\n}\n#banner-1646580198 .bg.bg-loaded {\n  background-image: url(https:\/\/otorrinodent.com\/wp-content\/uploads\/2022\/09\/banner-otorrinodent-2-scaled.jpg);\n}\n#banner-1646580198 .bg {\n  background-position: 35% 23%;\n}\n<\/style>\n  <\/div>\n\n\n\n  <div class=\"banner has-hover has-parallax\" id=\"banner-1437911836\">\n          <div class=\"banner-inner fill\">\n        <div class=\"banner-bg fill\" data-parallax=\"-3\" data-parallax-container=\".banner\" data-parallax-background>\n            <div class=\"bg fill bg-fill \"><\/div>\n                                    \n                    <\/div>\n        <div class=\"banner-layers container\">\n            <div class=\"fill banner-link\"><\/div>            \n\n   <div id=\"text-box-923756157\" class=\"text-box banner-layer x50 md-x5 lg-x5 y50 md-y50 lg-y50 res-text\">\n                                <div class=\"text-box-content text dark\">\n              \n              <div class=\"text-inner text-center\">\n                  \n\n<h3 class=\"uppercase\"><strong>Somos una empresa familiar <\/strong><\/h3>\n<p>Ubicada en Armenia Quind\u00edo Colombia. Nuestro objetivo es mantener la salud integral de nuestros pacientes quienes nos visitan de forma presencial o virtual. Nuestras especialidades son todas las ramas de la odontolog\u00eda, la otorrinolaringolog\u00eda y la cirug\u00eda de sue\u00f1o.<\/p>\n<a href=\"https:\/\/otorrinodent.com\/index.php\/tienda\/\" target=\"_self\" class=\"button white\"  style=\"border-radius:99px;\">\n    <span>Servicios<\/span>\n  <\/a>\n\n\n\n              <\/div>\n           <\/div>\n                            \n<style>\n#text-box-923756157 {\n  width: 82%;\n}\n#text-box-923756157 .text-box-content {\n  font-size: 100%;\n}\n@media (min-width:550px) {\n  #text-box-923756157 {\n    width: 41%;\n  }\n}\n<\/style>\n    <\/div>\n \n\n        <\/div>\n      <\/div>\n\n            \n<style>\n#banner-1437911836 {\n  padding-top: 540px;\n  background-color: rgb(113, 117, 186);\n}\n#banner-1437911836 .bg.bg-loaded {\n  background-image: url(https:\/\/otorrinodent.com\/wp-content\/uploads\/2022\/09\/otorrinoden-bvanner2-1024x503.jpg);\n}\n#banner-1437911836 .bg {\n  background-position: 60% 16%;\n}\n<\/style>\n  <\/div>\n\n\n<div class=\"row row-collapse row-full-width\"  id=\"row-1300748279\">\n\n\n\t<div id=\"col-20915029\" class=\"col medium-6 small-12 large-6\"  >\n\t\t<div class=\"col-inner\"  >\n\t\t\t\n\t\t\t\n\n\n  <div class=\"banner has-hover has-parallax\" id=\"banner-1439046925\">\n          <div class=\"banner-inner fill\">\n        <div class=\"banner-bg fill\" data-parallax=\"-1\" data-parallax-container=\".banner\" data-parallax-background>\n            <div class=\"bg fill bg-fill \"><\/div>\n                                    \n                    <\/div>\n        <div class=\"banner-layers container\">\n            <div class=\"fill banner-link\"><\/div>            \n\n   <div id=\"text-box-1113980334\" class=\"text-box banner-layer x50 md-x50 lg-x50 y50 md-y50 lg-y50 res-text\">\n              <div data-parallax=\"2\" data-parallax-fade=\"true\">                  <div class=\"text-box-content text dark\">\n              \n              <div class=\"text-inner text-center\">\n                  \n\n<h3 class=\"uppercase\"><strong>ODONTOLOG\u00cdA<\/strong><\/h3>\n<a href=\"https:\/\/otorrinodent.com\/index.php\/categoria-producto\/odontologia\/\" target=\"_self\" class=\"button primary\"  style=\"border-radius:99px;\">\n    <span>Conoce M\u00e1s<\/span>\n  <\/a>\n\n\n\n              <\/div>\n           <\/div>\n              <\/div>              \n<style>\n#text-box-1113980334 {\n  width: 85%;\n}\n#text-box-1113980334 .text-box-content {\n  font-size: 100%;\n}\n@media (min-width:550px) {\n  #text-box-1113980334 {\n    width: 58%;\n  }\n}\n<\/style>\n    <\/div>\n \n\n        <\/div>\n      <\/div>\n\n            \n<style>\n#banner-1439046925 {\n  padding-top: 470px;\n  background-color: rgb(164, 113, 186);\n}\n#banner-1439046925 .bg.bg-loaded {\n  background-image: url(https:\/\/otorrinodent.com\/wp-content\/uploads\/2022\/09\/odontologia-otorrinodent-945x1024.jpg);\n}\n<\/style>\n  <\/div>\n\n\n\n\t\t<\/div>\n\t\t\t<\/div>\n\n\t\n\n\t<div id=\"col-387756424\" class=\"col medium-6 small-12 large-6\"  >\n\t\t<div class=\"col-inner\"  >\n\t\t\t\n\t\t\t\n\n\n  <div class=\"banner has-hover has-parallax\" id=\"banner-181659711\">\n          <div class=\"banner-inner fill\">\n        <div class=\"banner-bg fill\" data-parallax=\"-1\" data-parallax-container=\".banner\" data-parallax-background>\n            <div class=\"bg fill bg-fill \"><\/div>\n                                    \n                    <\/div>\n        <div class=\"banner-layers container\">\n            <div class=\"fill banner-link\"><\/div>            \n\n   <div id=\"text-box-175566916\" class=\"text-box banner-layer x10 md-x10 lg-x10 y50 md-y50 lg-y50 res-text\">\n                                <div class=\"text-box-content text \">\n              \n              <div class=\"text-inner text-left\">\n                  \n\n\t<div id=\"text-2012157228\" class=\"text\">\n\t\t\n\n<h3 class=\"uppercase\"><strong>OTORRINOLARINGOLOG\u00cdA<\/strong><\/h3>\n\t\t\n<style>\n#text-2012157228 {\n  color: rgb(255, 255, 255);\n}\n#text-2012157228 > * {\n  color: rgb(255, 255, 255);\n}\n<\/style>\n\t<\/div>\n\t\n<a href=\"https:\/\/otorrinodent.com\/index.php\/categoria-producto\/otorrino\/\" target=\"_self\" class=\"button primary\"  style=\"border-radius:99px;\">\n    <span>Conoce m\u00e1s<\/span>\n  <\/a>\n\n\n\n              <\/div>\n           <\/div>\n                            \n<style>\n#text-box-175566916 {\n  width: 74%;\n}\n#text-box-175566916 .text-box-content {\n  font-size: 100%;\n}\n@media (min-width:550px) {\n  #text-box-175566916 {\n    width: 34%;\n  }\n}\n<\/style>\n    <\/div>\n \n\n        <\/div>\n      <\/div>\n\n            \n<style>\n#banner-181659711 {\n  padding-top: 470px;\n  background-color: rgb(218, 218, 218);\n}\n#banner-181659711 .bg.bg-loaded {\n  background-image: url(https:\/\/otorrinodent.com\/wp-content\/uploads\/2022\/09\/otorrino-otorrinodent-1-945x1024.jpg);\n}\n<\/style>\n  <\/div>\n\n\n\n\t\t<\/div>\n\t\t\t<\/div>\n\n\t\n\n<\/div>\n<div class=\"woocommerce columns-7 \"><div class=\"products row row-small large-columns-7 medium-columns-2 small-columns-2\">\n\n<div class=\"product-small col has-hover product type-product post-166 status-publish first instock product_cat-odontologia has-post-thumbnail shipping-taxable purchasable product-type-simple\">\n\t<div class=\"col-inner\">\n\t\n<div class=\"badge-container absolute left top z-1\">\n<\/div>\n\t<div class=\"product-small box \">\n\t\t<div class=\"box-image\">\n\t\t\t<div class=\"image-fade_in_back\">\n\t\t\t\t<a href=\"https:\/\/otorrinodent.com\/index.php\/producto\/consulta-odontologia\/\">\n\t\t\t\t\t<img loading=\"lazy\" decoding=\"async\" width=\"300\" height=\"300\" src=\"https:\/\/otorrinodent.com\/wp-content\/uploads\/2022\/10\/odontologia-300x300.jpg\" class=\"attachment-woocommerce_thumbnail size-woocommerce_thumbnail\" alt=\"\" srcset=\"https:\/\/otorrinodent.com\/wp-content\/uploads\/2022\/10\/odontologia-300x300.jpg 300w, https:\/\/otorrinodent.com\/wp-content\/uploads\/2022\/10\/odontologia-150x150.jpg 150w, https:\/\/otorrinodent.com\/wp-content\/uploads\/2022\/10\/odontologia-768x768.jpg 768w, https:\/\/otorrinodent.com\/wp-content\/uploads\/2022\/10\/odontologia-600x600.jpg 600w, https:\/\/otorrinodent.com\/wp-content\/uploads\/2022\/10\/odontologia-100x100.jpg 100w, https:\/\/otorrinodent.com\/wp-content\/uploads\/2022\/10\/odontologia.jpg 1000w\" sizes=\"auto, (max-width: 300px) 100vw, 300px\" \/>\t\t\t\t<\/a>\n\t\t\t<\/div>\n\t\t\t<div class=\"image-tools is-small top right show-on-hover\">\n\t\t\t\t\t\t\t<\/div>\n\t\t\t<div class=\"image-tools is-small hide-for-small bottom left show-on-hover\">\n\t\t\t\t\t\t\t<\/div>\n\t\t\t<div class=\"image-tools grid-tools text-center hide-for-small bottom hover-slide-in show-on-hover\">\n\t\t\t\t  <a class=\"quick-view\" data-prod=\"166\" href=\"#quick-view\">Quick View<\/a>\t\t\t<\/div>\n\t\t\t\t\t<\/div>\n\n\t\t<div class=\"box-text box-text-products\">\n\t\t\t<div class=\"title-wrapper\">\t\t<p class=\"category uppercase is-smaller no-text-overflow product-cat op-7\">\n\t\t\tOdontolog\u00eda\t\t<\/p>\n\t<\/div><div class=\"price-wrapper\"><\/div>\t\t<\/div>\n\t<\/div>\n\t\t<\/div>\n<\/div>\n\n<div class=\"product-small col has-hover product type-product post-167 status-publish instock product_cat-otorrino has-post-thumbnail shipping-taxable purchasable product-type-simple\">\n\t<div class=\"col-inner\">\n\t\n<div class=\"badge-container absolute left top z-1\">\n<\/div>\n\t<div class=\"product-small box \">\n\t\t<div class=\"box-image\">\n\t\t\t<div class=\"image-fade_in_back\">\n\t\t\t\t<a href=\"https:\/\/otorrinodent.com\/index.php\/producto\/consulta-otorrinolaringologia\/\">\n\t\t\t\t\t<img loading=\"lazy\" decoding=\"async\" width=\"300\" height=\"300\" src=\"https:\/\/otorrinodent.com\/wp-content\/uploads\/2022\/10\/cita-otorrinodent-300x300.jpg\" class=\"attachment-woocommerce_thumbnail size-woocommerce_thumbnail\" alt=\"\" srcset=\"https:\/\/otorrinodent.com\/wp-content\/uploads\/2022\/10\/cita-otorrinodent-300x300.jpg 300w, https:\/\/otorrinodent.com\/wp-content\/uploads\/2022\/10\/cita-otorrinodent-150x150.jpg 150w, https:\/\/otorrinodent.com\/wp-content\/uploads\/2022\/10\/cita-otorrinodent-768x768.jpg 768w, https:\/\/otorrinodent.com\/wp-content\/uploads\/2022\/10\/cita-otorrinodent-600x600.jpg 600w, https:\/\/otorrinodent.com\/wp-content\/uploads\/2022\/10\/cita-otorrinodent-100x100.jpg 100w, https:\/\/otorrinodent.com\/wp-content\/uploads\/2022\/10\/cita-otorrinodent.jpg 1000w\" sizes=\"auto, (max-width: 300px) 100vw, 300px\" \/><img loading=\"lazy\" decoding=\"async\" width=\"300\" height=\"300\" src=\"https:\/\/otorrinodent.com\/wp-content\/uploads\/2022\/10\/cita-otorrinodent-300x300.jpg\" class=\"show-on-hover absolute fill hide-for-small back-image\" alt=\"\" srcset=\"https:\/\/otorrinodent.com\/wp-content\/uploads\/2022\/10\/cita-otorrinodent-300x300.jpg 300w, https:\/\/otorrinodent.com\/wp-content\/uploads\/2022\/10\/cita-otorrinodent-150x150.jpg 150w, https:\/\/otorrinodent.com\/wp-content\/uploads\/2022\/10\/cita-otorrinodent-768x768.jpg 768w, https:\/\/otorrinodent.com\/wp-content\/uploads\/2022\/10\/cita-otorrinodent-600x600.jpg 600w, https:\/\/otorrinodent.com\/wp-content\/uploads\/2022\/10\/cita-otorrinodent-100x100.jpg 100w, https:\/\/otorrinodent.com\/wp-content\/uploads\/2022\/10\/cita-otorrinodent.jpg 1000w\" sizes=\"auto, (max-width: 300px) 100vw, 300px\" \/>\t\t\t\t<\/a>\n\t\t\t<\/div>\n\t\t\t<div class=\"image-tools is-small top right show-on-hover\">\n\t\t\t\t\t\t\t<\/div>\n\t\t\t<div class=\"image-tools is-small hide-for-small bottom left show-on-hover\">\n\t\t\t\t\t\t\t<\/div>\n\t\t\t<div class=\"image-tools grid-tools text-center hide-for-small bottom hover-slide-in show-on-hover\">\n\t\t\t\t  <a class=\"quick-view\" data-prod=\"167\" href=\"#quick-view\">Quick View<\/a>\t\t\t<\/div>\n\t\t\t\t\t<\/div>\n\n\t\t<div class=\"box-text box-text-products\">\n\t\t\t<div class=\"title-wrapper\">\t\t<p class=\"category uppercase is-smaller no-text-overflow product-cat op-7\">\n\t\t\totorrinonaringologia\t\t<\/p>\n\t<\/div><div class=\"price-wrapper\"><\/div>\t\t<\/div>\n\t<\/div>\n\t\t<\/div>\n<\/div>\n\n<div class=\"product-small col has-hover product type-product post-168 status-publish instock product_cat-otorrino has-post-thumbnail shipping-taxable purchasable product-type-simple\">\n\t<div class=\"col-inner\">\n\t\n<div class=\"badge-container absolute left top z-1\">\n<\/div>\n\t<div class=\"product-small box \">\n\t\t<div class=\"box-image\">\n\t\t\t<div class=\"image-fade_in_back\">\n\t\t\t\t<a href=\"https:\/\/otorrinodent.com\/index.php\/producto\/consulta-especializada-en-ronquido-y-apnea-de-sueno\/\">\n\t\t\t\t\t<img loading=\"lazy\" decoding=\"async\" width=\"300\" height=\"300\" src=\"https:\/\/otorrinodent.com\/wp-content\/uploads\/2022\/10\/ronquido-apnea-del-sueno-300x300.jpg\" class=\"attachment-woocommerce_thumbnail size-woocommerce_thumbnail\" alt=\"apnea de sue\u00f1o y ronquido\" srcset=\"https:\/\/otorrinodent.com\/wp-content\/uploads\/2022\/10\/ronquido-apnea-del-sueno-300x300.jpg 300w, https:\/\/otorrinodent.com\/wp-content\/uploads\/2022\/10\/ronquido-apnea-del-sueno-150x150.jpg 150w, https:\/\/otorrinodent.com\/wp-content\/uploads\/2022\/10\/ronquido-apnea-del-sueno-768x768.jpg 768w, https:\/\/otorrinodent.com\/wp-content\/uploads\/2022\/10\/ronquido-apnea-del-sueno-600x600.jpg 600w, https:\/\/otorrinodent.com\/wp-content\/uploads\/2022\/10\/ronquido-apnea-del-sueno-100x100.jpg 100w, https:\/\/otorrinodent.com\/wp-content\/uploads\/2022\/10\/ronquido-apnea-del-sueno.jpg 1000w\" sizes=\"auto, (max-width: 300px) 100vw, 300px\" \/>\t\t\t\t<\/a>\n\t\t\t<\/div>\n\t\t\t<div class=\"image-tools is-small top right show-on-hover\">\n\t\t\t\t\t\t\t<\/div>\n\t\t\t<div class=\"image-tools is-small hide-for-small bottom left show-on-hover\">\n\t\t\t\t\t\t\t<\/div>\n\t\t\t<div class=\"image-tools grid-tools text-center hide-for-small bottom hover-slide-in show-on-hover\">\n\t\t\t\t  <a class=\"quick-view\" data-prod=\"168\" href=\"#quick-view\">Quick View<\/a>\t\t\t<\/div>\n\t\t\t\t\t<\/div>\n\n\t\t<div class=\"box-text box-text-products\">\n\t\t\t<div class=\"title-wrapper\">\t\t<p class=\"category uppercase is-smaller no-text-overflow product-cat op-7\">\n\t\t\totorrinonaringologia\t\t<\/p>\n\t<\/div><div class=\"price-wrapper\"><\/div>\t\t<\/div>\n\t<\/div>\n\t\t<\/div>\n<\/div>\n<\/div><!-- row --><\/div>\n\n\n\t<script type=\"text\/javascript\">\n  jQuery( document ).ready(function() {\n    function initialize() {\n        var styles = {\n            'flatsome':  [{\n            \"featureType\": \"administrative\",\n            \"stylers\": [\n              { \"visibility\": \"on\" }\n            ]\n          },\n          {\n            \"featureType\": \"road\",\n            \"stylers\": [\n              { \"visibility\": \"on\" },\n              { \"hue\": \"\" }\n            ]\n          },\n          {\n            \"stylers\": [\n\t\t\t  { \"visibility\": \"on\" },\n\t\t\t  { \"hue\": \"\" },\n\t\t\t  { \"saturation\": -30 }\n            ]\n          }\n        ]};\n\n        var myLatlng = new google.maps.LatLng(4.5491359, -75.6598029);\n        var myOptions = {\n            zoom: 17,\n            center: myLatlng,\n            mapTypeId: google.maps.MapTypeId.ROADMAP,\n            disableDefaultUI: true,\n            mapTypeId: 'flatsome',\n            draggable: true,\n            zoomControl: false,\n            zoomControlOptions: {\n              position: google.maps.ControlPosition.TOP_LEFT\n            },\n      \t\t\t\/\/ panControl: false,\n            \/\/ panControlOptions: {\n            \/\/   position: google.maps.ControlPosition.TOP_LEFT\n            \/\/ },\n      \t\t\tmapTypeControl: false,\n            mapTypeControlOptions: {\n              position: google.maps.ControlPosition.TOP_LEFT\n            },\n      \t\t\t\/\/ scaleControl: false,\n            \/\/ scaleControlOptions: {\n            \/\/   position: google.maps.ControlPosition.TOP_LEFT\n            \/\/ },\n      \t\t\tstreetViewControl: false,\n            streetViewControlOptions: {\n              position: google.maps.ControlPosition.TOP_LEFT\n            },\n      \t\t\t\/\/ overviewMapControl: false,\n            \/\/ overviewMapControlOptions: {\n            \/\/   position: google.maps.ControlPosition.TOP_LEFT\n            \/\/ },\n            scrollwheel: false,\n            disableDoubleClickZoom: true\n        }\n        var map = new google.maps.Map(document.getElementById(\"map-889201010-inner\"), myOptions);\n        var styledMapType = new google.maps.StyledMapType(styles['flatsome'], {name: 'flatsome'});\n        map.mapTypes.set('flatsome', styledMapType);\n\n        var marker = new google.maps.Marker({\n            position: myLatlng,\n            map: map,\n            title:\"\"\n        });\n    }\n\n    \/\/ Required to proceed\n    if (!(typeof google === 'object' && typeof google.maps === 'object')) {\n      return\n    }\n\n    initialize()\n    google.maps.event.addDomListener(window, 'resize', initialize);\n    });\n    <\/script>\n\n    <div class=\"google-map relative mb\" id=\"map-889201010\">\n        <div class=\"map-height\" id=\"map-889201010-inner\"><\/div>\n        <div id=\"map_overlay_top\"><\/div>\n        <div id=\"map_overlay_bottom\"><\/div>\n                  <div class=\"map_inner map-inner last-reset absolute x100 md-x95 lg-x95 y100 md-y95 lg-y95\">\n              \n\nCarrera 14 # 8 norte 63 Edificio Ca\u00f1averal, Consultorio 301, Armenia, Quind\u00edo\n\n         <\/div>\n       \n       \n<style>\n#map-889201010 .map-inner {\n  background-color: #fff;\n  max-width: 100%;\n}\n#map-889201010 .map-height {\n  height: 499px;\n}\n@media (min-width:550px) {\n  #map-889201010 .map-inner {\n    max-width: 40%;\n  }\n}\n@media (min-width:850px) {\n  #map-889201010 .map-inner {\n    max-width: 30%;\n  }\n}\n<\/style>\n    <\/div>\n\n\t\n\n","protected":false},"excerpt":{"rendered":"","protected":false},"author":1,"featured_media":0,"parent":0,"menu_order":0,"comment_status":"closed","ping_status":"closed","template":"page-blank.php","meta":{"_joinchat":[],"footnotes":""},"class_list":["post-8","page","type-page","status-publish","hentry"],"_links":{"self":[{"href":"https:\/\/otorrinodent.com\/index.php\/wp-json\/wp\/v2\/pages\/8","targetHints":{"allow":["GET"]}}],"collection":[{"href":"https:\/\/otorrinodent.com\/index.php\/wp-json\/wp\/v2\/pages"}],"about":[{"href":"https:\/\/otorrinodent.com\/index.php\/wp-json\/wp\/v2\/types\/page"}],"author":[{"embeddable":true,"href":"https:\/\/otorrinodent.com\/index.php\/wp-json\/wp\/v2\/users\/1"}],"replies":[{"embeddable":true,"href":"https:\/\/otorrinodent.com\/index.php\/wp-json\/wp\/v2\/comments?post=8"}],"version-history":[{"count":41,"href":"https:\/\/otorrinodent.com\/index.php\/wp-json\/wp\/v2\/pages\/8\/revisions"}],"predecessor-version":[{"id":130,"href":"https:\/\/otorrinodent.com\/index.php\/wp-json\/wp\/v2\/pages\/8\/revisions\/130"}],"wp:attachment":[{"href":"https:\/\/otorrinodent.com\/index.php\/wp-json\/wp\/v2\/media?parent=8"}],"curies":[{"name":"wp","href":"https:\/\/api.w.org\/{rel}","templated":true}]}}